{"id":1344,"date":"2025-06-23T07:19:59","date_gmt":"2025-06-23T05:19:59","guid":{"rendered":"https:\/\/pureplay.pl\/?page_id=1344"},"modified":"2025-10-01T14:50:57","modified_gmt":"2025-10-01T12:50:57","slug":"kompetencje","status":"publish","type":"page","link":"https:\/\/brandxmedia.pl\/index.php\/kompetencje\/","title":{"rendered":"Kompetencje"},"content":{"rendered":"<p>[et_pb_section fb_built=&#8221;1&#8243; _builder_version=&#8221;4.27.4&#8243; _module_preset=&#8221;default&#8221; global_colors_info=&#8221;{}&#8221;][et_pb_row column_structure=&#8221;2_5,3_5&#8243; _builder_version=&#8221;4.27.4&#8243; _module_preset=&#8221;default&#8221; vertical_offset=&#8221;-29px&#8221; border_width_top=&#8221;1px&#8221; border_color_top=&#8221;#c4c4c4&#8243; border_width_bottom=&#8221;1px&#8221; border_color_bottom=&#8221;#c4c4c4&#8243; global_colors_info=&#8221;{}&#8221;][et_pb_column type=&#8221;2_5&#8243; _builder_version=&#8221;4.27.4&#8243; _module_preset=&#8221;default&#8221; global_colors_info=&#8221;{}&#8221;][et_pb_image src=&#8221;https:\/\/brandxmedia.pl\/wp-content\/uploads\/2025\/08\/web_AdobeStock_548856285.png&#8221; title_text=&#8221;web_AdobeStock_548856285&#8243; _builder_version=&#8221;4.27.4&#8243; _module_preset=&#8221;default&#8221; border_radii=&#8221;on|6px|6px|6px|6px&#8221; border_width_all=&#8221;1px&#8221; border_color_all=&#8221;#c4c4c4&#8243; global_colors_info=&#8221;{}&#8221;][\/et_pb_image][\/et_pb_column][et_pb_column type=&#8221;3_5&#8243; _builder_version=&#8221;4.27.4&#8243; _module_preset=&#8221;default&#8221; global_colors_info=&#8221;{}&#8221;][et_pb_text _builder_version=&#8221;4.27.4&#8243; _module_preset=&#8221;default&#8221; text_font=&#8221;||||||||&#8221; text_text_color=&#8221;#404040&#8243; text_font_size=&#8221;26px&#8221; text_line_height=&#8221;2.5em&#8221; global_colors_info=&#8221;{}&#8221;]<\/p>\n<p>Nasz\u0105 si\u0142\u0105 s\u0105 kompetencje mediowe, kt\u00f3re \u0142\u0105cz\u0105 wiedz\u0119 strategiczn\u0105, taktyczn\u0105 i bardzo dobr\u0105 znajomo\u015b\u0107 narz\u0119dzi Digital. Dzi\u0119ki temu potrafimy precyzyjnie dobiera\u0107 kana\u0142y, platformy i metody pomiaru tak, aby ka\u017cde dzia\u0142anie realnie wspiera\u0142o rozw\u00f3j biznesu Klienta.<\/p>\n<p>[\/et_pb_text][\/et_pb_column][\/et_pb_row][et_pb_row disabled_on=&#8221;off|off|off&#8221; _builder_version=&#8221;4.27.4&#8243; _module_preset=&#8221;default&#8221; background_color=&#8221;#941100&#8243; vertical_offset=&#8221;0px&#8221; min_height=&#8221;46px&#8221; height=&#8221;49px&#8221; max_height=&#8221;1000px&#8221; custom_margin=&#8221;0px||0px||false|false&#8221; border_radii=&#8221;on|2px|2px|2px|2px&#8221; global_colors_info=&#8221;{}&#8221;][et_pb_column type=&#8221;4_4&#8243; _builder_version=&#8221;4.27.4&#8243; _module_preset=&#8221;default&#8221; global_colors_info=&#8221;{}&#8221;][et_pb_text content_tablet=&#8221;<\/p>\n<p>Nasze kompetencje mediowe<\/p>\n<p>&#8221; content_phone=&#8221;<\/p>\n<p>Nasze kompetencje<\/p>\n<p>&#8221; content_last_edited=&#8221;on|phone&#8221; _builder_version=&#8221;4.27.4&#8243; _module_preset=&#8221;default&#8221; text_font=&#8221;Manrope|700|||||||&#8221; text_text_color=&#8221;#FFFFFF&#8221; text_font_size=&#8221;29px&#8221; background_color=&#8221;RGBA(255,255,255,0)&#8221; positioning=&#8221;relative&#8221; vertical_offset=&#8221;-9px&#8221; horizontal_offset=&#8221;10px&#8221; z_index=&#8221;0&#8243; custom_margin=&#8221;||0px||false|false&#8221; global_colors_info=&#8221;{}&#8221;]<\/p>\n<p>Nasze kompetencje mediowe<\/p>\n<p>[\/et_pb_text][\/et_pb_column][\/et_pb_row][et_pb_row _builder_version=&#8221;4.27.4&#8243; _module_preset=&#8221;default&#8221; global_colors_info=&#8221;{}&#8221;][et_pb_column type=&#8221;4_4&#8243; _builder_version=&#8221;4.27.4&#8243; _module_preset=&#8221;default&#8221; global_colors_info=&#8221;{}&#8221;][et_pb_text _builder_version=&#8221;4.27.4&#8243; _module_preset=&#8221;default&#8221; text_text_color=&#8221;#000000&#8243; text_font_size=&#8221;16px&#8221; border_width_bottom=&#8221;0px&#8221; border_color_bottom=&#8221;#c4c4c4&#8243; border_style_bottom=&#8221;double&#8221; global_colors_info=&#8221;{}&#8221;]<\/p>\n<p>W BrandX Media skuteczno\u015b\u0107 to efekt kultury pracy opartej na rzetelno\u015bci, dyscyplinie i pe\u0142nym zaanga\u017cowaniu w cele Klienta. Ka\u017cde dzia\u0142anie \u2014 od planowania i zakupu medi\u00f3w, po analiz\u0119 danych i optymalizacj\u0119 \u2014 prowadzimy z my\u015bl\u0105 o konkretnych, mierzalnych wynikach.<\/p>\n<p>Nasza ekspertyza obejmuje wszystkie kluczowe obszary digital \u2014 od CTV po search, od e-commerce po programmatic. Znamy logik\u0119, ryzyka i zasady optymalizacji ka\u017cdego kana\u0142u oraz wiemy, jak je ustawi\u0107 i skalowa\u0107, aby dostarcza\u0142y wynik w realnych warunkach biznesowych.<\/p>\n<p>Kana\u0142y traktujemy jako elementy jednego systemu, projektowanego tak, by wsp\u00f3\u0142gra\u0142y strategicznie, operacyjnie i biznesowo. Dzi\u0119ki integracji z planowaniem, technologi\u0105 i pomiarem ka\u017cda strategia w BrandX Media przek\u0142ada si\u0119 na wynik, a inwestycja mediowa \u2014 na realny wp\u0142yw na biznes Klienta.<\/p>\n<p>[\/et_pb_text][\/et_pb_column][\/et_pb_row][et_pb_row column_structure=&#8221;1_4,1_2,1_4&#8243; _builder_version=&#8221;4.27.4&#8243; _module_preset=&#8221;default&#8221; min_height=&#8221;343px&#8221; height=&#8221;228px&#8221; max_height=&#8221;100px&#8221; global_colors_info=&#8221;{}&#8221;][et_pb_column type=&#8221;1_4&#8243; _builder_version=&#8221;4.27.4&#8243; _module_preset=&#8221;default&#8221; global_colors_info=&#8221;{}&#8221;][\/et_pb_column][et_pb_column type=&#8221;1_2&#8243; _builder_version=&#8221;4.27.4&#8243; _module_preset=&#8221;default&#8221; global_colors_info=&#8221;{}&#8221;][et_pb_image src=&#8221;https:\/\/brandxmedia.pl\/wp-content\/uploads\/2025\/06\/Ciricles-scaled.png&#8221; title_text=&#8221;Ciricles&#8221; _builder_version=&#8221;4.27.4&#8243; _module_preset=&#8221;default&#8221; global_colors_info=&#8221;{}&#8221;][\/et_pb_image][\/et_pb_column][et_pb_column type=&#8221;1_4&#8243; _builder_version=&#8221;4.27.4&#8243; _module_preset=&#8221;default&#8221; global_colors_info=&#8221;{}&#8221;][\/et_pb_column][\/et_pb_row][et_pb_row disabled_on=&#8221;off|off|off&#8221; _builder_version=&#8221;4.27.4&#8243; _module_preset=&#8221;default&#8221; background_color=&#8221;#941100&#8243; vertical_offset=&#8221;0px&#8221; min_height=&#8221;46px&#8221; height=&#8221;49px&#8221; max_height=&#8221;1000px&#8221; custom_margin=&#8221;0px||0px||false|false&#8221; border_radii=&#8221;on|2px|2px|2px|2px&#8221; global_colors_info=&#8221;{}&#8221;][et_pb_column type=&#8221;4_4&#8243; _builder_version=&#8221;4.27.4&#8243; _module_preset=&#8221;default&#8221; global_colors_info=&#8221;{}&#8221;][et_pb_text content_tablet=&#8221;<\/p>\n<p>Kana\u0142y i media<\/p>\n<p>&#8221; content_phone=&#8221;<\/p>\n<p>Kana\u0142y i media<\/p>\n<p>&#8221; content_last_edited=&#8221;on|phone&#8221; _builder_version=&#8221;4.27.4&#8243; _module_preset=&#8221;default&#8221; text_font=&#8221;Manrope|700|||||||&#8221; text_text_color=&#8221;#FFFFFF&#8221; text_font_size=&#8221;29px&#8221; background_color=&#8221;RGBA(255,255,255,0)&#8221; positioning=&#8221;relative&#8221; vertical_offset=&#8221;-9px&#8221; horizontal_offset=&#8221;10px&#8221; z_index=&#8221;0&#8243; custom_margin=&#8221;||0px||false|false&#8221; global_colors_info=&#8221;{}&#8221;]<\/p>\n<p>Kana\u0142y i media<\/p>\n<p>[\/et_pb_text][\/et_pb_column][\/et_pb_row][et_pb_row _builder_version=&#8221;4.27.4&#8243; _module_preset=&#8221;default&#8221; global_colors_info=&#8221;{}&#8221;][et_pb_column type=&#8221;4_4&#8243; _builder_version=&#8221;4.27.4&#8243; _module_preset=&#8221;default&#8221; global_colors_info=&#8221;{}&#8221;][et_pb_text _builder_version=&#8221;4.27.4&#8243; _module_preset=&#8221;default&#8221; text_text_color=&#8221;#000000&#8243; text_font_size=&#8221;16px&#8221; border_color_all=&#8221;#c4c4c4&#8243; border_color_bottom=&#8221;#343434&#8243; border_style_bottom=&#8221;double&#8221; global_colors_info=&#8221;{}&#8221;]<\/p>\n<p>W BrandX Media dzia\u0142amy we wszystkich kana\u0142ach digital, ale kluczowe jest to, \u017ce rozumiemy, jak w ich ramach funkcjonuj\u0105 formaty, tre\u015bci, modele targetowania i intencje odbiorc\u00f3w. Ka\u017cde \u015brodowisko traktujemy operacyjnie \u2014 z uwzgl\u0119dnieniem jego architektury, logiki optymalizacji i realnego wp\u0142ywu na wynik.<\/p>\n<p><strong>Search<\/strong><\/p>\n<p>Rozr\u00f3\u017cniamy zapytania brandowe, ruch z fraz og\u00f3lnych, feedy produktowe, dynamiczne reklamy produktowe i rozszerzenia lokalne. Ka\u017cdy format ma swoj\u0105 rol\u0119 w konwersji, wra\u017cliwo\u015bci cenowej i kontek\u015bcie konkurencyjnym.<\/p>\n<p><strong>Programmatic<\/strong><\/p>\n<p>Pracujemy z formatami statycznymi, dynamicznymi, video i high-impact, opieraj\u0105c si\u0119 na sygna\u0142ach zachowa\u0144 odbiorc\u00f3w, kontroli cz\u0119stotliwo\u015bci i jako\u015bci powierzchni reklamowych, by efektywnie budowa\u0107 zasi\u0119g i generowa\u0107 popyt w g\u00f3rnej cz\u0119\u015bci lejka.<\/p>\n<p><strong>Social<\/strong><\/p>\n<p>\u0141\u0105czymy formaty wideo, kreacje statyczne, karuzele i reklamy kolekcji, testuj\u0105c i optymalizuj\u0105c placementy zgodnie z logik\u0105 platform. Prospecting i retargeting traktujemy jako systemy efektywno\u015bciowe oparte na danych, a nie zbiory pojedynczych kreacji.<\/p>\n<p><strong>Video \/ CTV<\/strong><\/p>\n<p>Od kr\u00f3tkich form po kampanie sekwencyjne \u2014 dobieramy formaty \u015bwiadomie, traktuj\u0105c CTV jako medium adresowalne z w\u0142asn\u0105 logik\u0105 i ograniczeniami platformowymi.<\/p>\n<p><strong>Retail Media<\/strong><\/p>\n<p>Przestrzenie sponsorowane, placementy brandowe, display i retargeting planujemy jako przed\u0142u\u017cenie strategii p\u00f3\u0142ki i kategorii, nie tylko powierzchni\u0119 reklamow\u0105.<\/p>\n<p><strong>Inne Media Digital<\/strong><\/p>\n<p>W Email, Push i Messaging klasyfikujemy kreacje wed\u0142ug logiki trigger\u00f3w, intencji konwersji i integracji z CRM. Nawet media do w\u0142asnych baz wymagaj\u0105 optymalizacji.\u00a0<\/p>\n<p>W BrandX Media nie planujemy kana\u0142\u00f3w w oderwaniu \u2014 budujemy strategie wok\u00f3\u0142 faktycznego modelu oddzia\u0142ywania, poziomu szumu reklamowego i warto\u015bci ka\u017cdego u\u017cytkownika. Media s\u0105 narz\u0119dziem mierzonym skuteczno\u015bci\u0105 dotarcia, a nie jedynie punktem kontaktu.\u00a0<\/p>\n<p>[\/et_pb_text][\/et_pb_column][\/et_pb_row][et_pb_row disabled_on=&#8221;off|off|off&#8221; _builder_version=&#8221;4.27.4&#8243; _module_preset=&#8221;default&#8221; background_color=&#8221;#941100&#8243; vertical_offset=&#8221;0px&#8221; min_height=&#8221;46px&#8221; height=&#8221;49px&#8221; max_height=&#8221;1000px&#8221; custom_margin=&#8221;0px||0px||false|false&#8221; border_radii=&#8221;on|2px|2px|2px|2px&#8221; global_colors_info=&#8221;{}&#8221;][et_pb_column type=&#8221;4_4&#8243; _builder_version=&#8221;4.27.4&#8243; _module_preset=&#8221;default&#8221; global_colors_info=&#8221;{}&#8221;][et_pb_text content_tablet=&#8221;<\/p>\n<p>Platformy i narz\u0119dzia<\/p>\n<p>&#8221; content_phone=&#8221;<\/p>\n<p>Platformy i narz\u0119dzia<\/p>\n<p>&#8221; content_last_edited=&#8221;on|phone&#8221; _builder_version=&#8221;4.27.4&#8243; _module_preset=&#8221;default&#8221; text_font=&#8221;Manrope|700|||||||&#8221; text_text_color=&#8221;#FFFFFF&#8221; text_font_size=&#8221;29px&#8221; background_color=&#8221;RGBA(255,255,255,0)&#8221; positioning=&#8221;relative&#8221; vertical_offset=&#8221;-9px&#8221; horizontal_offset=&#8221;10px&#8221; z_index=&#8221;0&#8243; custom_margin=&#8221;||0px||false|false&#8221; global_colors_info=&#8221;{}&#8221;]<\/p>\n<p>Platformy i narz\u0119dzia<\/p>\n<p>[\/et_pb_text][\/et_pb_column][\/et_pb_row][et_pb_row _builder_version=&#8221;4.27.4&#8243; _module_preset=&#8221;default&#8221; global_colors_info=&#8221;{}&#8221;][et_pb_column type=&#8221;4_4&#8243; _builder_version=&#8221;4.27.4&#8243; _module_preset=&#8221;default&#8221; global_colors_info=&#8221;{}&#8221;][et_pb_text _builder_version=&#8221;4.27.4&#8243; _module_preset=&#8221;default&#8221; text_text_color=&#8221;#000000&#8243; text_font_size=&#8221;16px&#8221; border_color_bottom=&#8221;#c4c4c4&#8243; border_style_bottom=&#8221;double&#8221; global_colors_info=&#8221;{}&#8221;]<\/p>\n<p>Technologia to fundament efektywno\u015bci operacyjnej, a nie dodatek do egzekucji. Korzystamy z pe\u0142nego stacku technologicznego \u2014 od planowania i zakupu, przez pomiar i weryfikacj\u0119, po raportowanie. Niezale\u017cnie od tego, czy infrastruktura jest w\u0142asno\u015bci\u0105 Klienta, czy BrandX Media, dbamy o jej prawid\u0142ow\u0105 konfiguracj\u0119, standardy governance i automatyzacj\u0119.<\/p>\n<p>Pracujemy na platformach takich jak DV360, Google Ads, Meta Ads Manager, TikTok Ads, Amazon DSP i Adform, zgodnie z jasno zdefiniowanymi rolami i standardami. Ka\u017cda kampania ma swoj\u0105 struktur\u0119 bud\u017cetow\u0105, architektur\u0119 bidowania, kontrol\u0119 tempa i precyzyjne ramy targetowania.<\/p>\n<p>Do pomiar\u00f3w i atrybucji wykorzystujemy m.in. Campaign Manager (CM360), GA4, Looker Studio, GTM server-side oraz narz\u0119dzia walidacyjne DoubleVerify, IAS, Moat. Nasze dashboardy s\u0105 projektowane indywidualnie \u2014 w zgodzie z logik\u0105 biznesow\u0105 Klienta i standardem operacyjnym, tak aby wspiera\u0142y decyzje, a nie tylko prezentowa\u0142y dane.<\/p>\n<p>Dane p\u0142ynnie przechodz\u0105 od egzekucji do analizy, od tagowania do optymalizacji, od bud\u017cetu do wyniku. Dzi\u0119ki temu nasz stack technologiczny integruje dzia\u0142ania i wspiera ich skalowanie, a nie rozprasza proces.<\/p>\n<p>[\/et_pb_text][\/et_pb_column][\/et_pb_row][et_pb_row disabled_on=&#8221;off|off|off&#8221; _builder_version=&#8221;4.27.4&#8243; _module_preset=&#8221;default&#8221; background_color=&#8221;#941100&#8243; vertical_offset=&#8221;0px&#8221; min_height=&#8221;46px&#8221; height=&#8221;49px&#8221; max_height=&#8221;1000px&#8221; custom_margin=&#8221;0px||0px||false|false&#8221; border_radii=&#8221;on|2px|2px|2px|2px&#8221; global_colors_info=&#8221;{}&#8221;][et_pb_column type=&#8221;4_4&#8243; _builder_version=&#8221;4.27.4&#8243; _module_preset=&#8221;default&#8221; global_colors_info=&#8221;{}&#8221;][et_pb_text content_tablet=&#8221;<\/p>\n<p>Poimiary i wyniki<\/p>\n<p>&#8221; content_phone=&#8221;<\/p>\n<p>Poimiary i wyniki<\/p>\n<p>&#8221; content_last_edited=&#8221;on|phone&#8221; _builder_version=&#8221;4.27.4&#8243; _module_preset=&#8221;default&#8221; text_font=&#8221;Manrope|700|||||||&#8221; text_text_color=&#8221;#FFFFFF&#8221; text_font_size=&#8221;29px&#8221; background_color=&#8221;RGBA(255,255,255,0)&#8221; positioning=&#8221;relative&#8221; vertical_offset=&#8221;-9px&#8221; horizontal_offset=&#8221;10px&#8221; z_index=&#8221;0&#8243; custom_margin=&#8221;||0px||false|false&#8221; global_colors_info=&#8221;{}&#8221;]<\/p>\n<p>Poimiary i wyniki<\/p>\n<p>[\/et_pb_text][\/et_pb_column][\/et_pb_row][et_pb_row _builder_version=&#8221;4.27.4&#8243; _module_preset=&#8221;default&#8221; global_colors_info=&#8221;{}&#8221;][et_pb_column type=&#8221;4_4&#8243; _builder_version=&#8221;4.27.4&#8243; _module_preset=&#8221;default&#8221; global_colors_info=&#8221;{}&#8221;][et_pb_text _builder_version=&#8221;4.27.4&#8243; _module_preset=&#8221;default&#8221; text_text_color=&#8221;#000000&#8243; text_font_size=&#8221;16px&#8221; global_colors_info=&#8221;{}&#8221;]<\/p>\n<p>W BrandX Media s<span style=\"font-size: 16px;\">kupiamy si\u0119 na wska\u017anikach, kt\u00f3re realnie wp\u0142ywaj\u0105 na biznes: kontrybucja do przychod\u00f3w, efektywno\u015b\u0107 kosztowa, zwrot z inwestycji. Performance (np. koszt osi\u0105gni\u0119cia KPI, efektywno\u015b\u0107 konwersji, ROAS) \u015bledzimy r\u00f3wnolegle z wska\u017anikami biznesowymi.\u00a0<\/span><\/p>\n<p>Framework pomiarowy opieramy na solidnej infrastrukturze: tagowaniu server-side, \u015bledzeniu platformowym, testach inkrementalno\u015bci i dashboardach szytych na miar\u0119. Ka\u017cdy wynik mo\u017cna prze\u015bledzi\u0107 do \u017ar\u00f3d\u0142a \u2014 decyzji, konfiguracji, alokacji bud\u017cetu. To daje mo\u017cliwo\u015b\u0107 realnej optymalizacji w czasie rzeczywistym, a nie raportowania po fakcie.<\/p>\n<p>[\/et_pb_text][\/et_pb_column][\/et_pb_row][et_pb_row _builder_version=&#8221;4.27.4&#8243; _module_preset=&#8221;default&#8221; global_colors_info=&#8221;{}&#8221;][et_pb_column type=&#8221;4_4&#8243; _builder_version=&#8221;4.27.4&#8243; _module_preset=&#8221;default&#8221; global_colors_info=&#8221;{}&#8221;][et_pb_divider color=&#8221;#c4c4c4&#8243; _builder_version=&#8221;4.27.4&#8243; _module_preset=&#8221;default&#8221; global_colors_info=&#8221;{}&#8221;][\/et_pb_divider][\/et_pb_column][\/et_pb_row][et_pb_row column_structure=&#8221;1_3,2_3&#8243; _builder_version=&#8221;4.27.4&#8243; _module_preset=&#8221;default&#8221; global_colors_info=&#8221;{}&#8221;][et_pb_column type=&#8221;1_3&#8243; _builder_version=&#8221;4.27.4&#8243; _module_preset=&#8221;default&#8221; global_colors_info=&#8221;{}&#8221;][et_pb_button button_url=&#8221;https:\/\/brandxmedia.pl\/index.php\/kontakt\/&#8221; button_text=&#8221;Um\u00f3wmy si\u0119 na spotkanie, ch\u0119tnie odpowiemy na Pa\u0144stwa brief&#8221; button_alignment=&#8221;left&#8221; _builder_version=&#8221;4.27.4&#8243; _module_preset=&#8221;default&#8221; custom_button=&#8221;on&#8221; button_text_size=&#8221;20px&#8221; button_text_color=&#8221;#FFFFFF&#8221; button_bg_color=&#8221;#941100&#8243; button_border_width=&#8221;2px&#8221; button_border_color=&#8221;#FFFFFF&#8221; button_border_radius=&#8221;11px&#8221; button_letter_spacing=&#8221;0px&#8221; button_font=&#8221;|700|||||||&#8221; button_use_icon=&#8221;off&#8221; hover_enabled=&#8221;0&#8243; box_shadow_style=&#8221;preset1&#8243; global_colors_info=&#8221;{}&#8221; button_bg_enable_color=&#8221;on&#8221; sticky_enabled=&#8221;0&#8243;][\/et_pb_button][\/et_pb_column][et_pb_column type=&#8221;2_3&#8243; _builder_version=&#8221;4.27.4&#8243; _module_preset=&#8221;default&#8221; global_colors_info=&#8221;{}&#8221;][\/et_pb_column][\/et_pb_row][\/et_pb_section]<\/p>\n","protected":false},"excerpt":{"rendered":"<p>Nasz\u0105 si\u0142\u0105 s\u0105 kompetencje mediowe, kt\u00f3re \u0142\u0105cz\u0105 wiedz\u0119 strategiczn\u0105, taktyczn\u0105 i bardzo dobr\u0105 znajomo\u015b\u0107 narz\u0119dzi Digital. Dzi\u0119ki temu potrafimy precyzyjnie dobiera\u0107 kana\u0142y, platformy i metody pomiaru tak, aby ka\u017cde dzia\u0142anie realnie wspiera\u0142o rozw\u00f3j biznesu Klienta.Nasze kompetencje medioweW BrandX Media skuteczno\u015b\u0107 to efekt kultury pracy opartej na rzetelno\u015bci, dyscyplinie i pe\u0142nym zaanga\u017cowaniu w cele Klienta. Ka\u017cde [&hellip;]<\/p>\n","protected":false},"author":1,"featured_media":0,"parent":0,"menu_order":0,"comment_status":"closed","ping_status":"closed","template":"","meta":{"_et_pb_use_builder":"on","_et_pb_old_content":"","_et_gb_content_width":"","footnotes":""},"class_list":["post-1344","page","type-page","status-publish","hentry"],"_links":{"self":[{"href":"https:\/\/brandxmedia.pl\/index.php\/wp-json\/wp\/v2\/pages\/1344","targetHints":{"allow":["GET"]}}],"collection":[{"href":"https:\/\/brandxmedia.pl\/index.php\/wp-json\/wp\/v2\/pages"}],"about":[{"href":"https:\/\/brandxmedia.pl\/index.php\/wp-json\/wp\/v2\/types\/page"}],"author":[{"embeddable":true,"href":"https:\/\/brandxmedia.pl\/index.php\/wp-json\/wp\/v2\/users\/1"}],"replies":[{"embeddable":true,"href":"https:\/\/brandxmedia.pl\/index.php\/wp-json\/wp\/v2\/comments?post=1344"}],"version-history":[{"count":28,"href":"https:\/\/brandxmedia.pl\/index.php\/wp-json\/wp\/v2\/pages\/1344\/revisions"}],"predecessor-version":[{"id":2243,"href":"https:\/\/brandxmedia.pl\/index.php\/wp-json\/wp\/v2\/pages\/1344\/revisions\/2243"}],"wp:attachment":[{"href":"https:\/\/brandxmedia.pl\/index.php\/wp-json\/wp\/v2\/media?parent=1344"}],"curies":[{"name":"wp","href":"https:\/\/api.w.org\/{rel}","templated":true}]}}