{"id":1765,"date":"2025-07-28T16:04:56","date_gmt":"2025-07-28T14:04:56","guid":{"rendered":"https:\/\/brandxmedia.pl\/?page_id=1765"},"modified":"2025-10-01T14:50:26","modified_gmt":"2025-10-01T12:50:26","slug":"standardy","status":"publish","type":"page","link":"https:\/\/brandxmedia.pl\/index.php\/standardy\/","title":{"rendered":"Standardy"},"content":{"rendered":"<p>[et_pb_section fb_built=&#8221;1&#8243; _builder_version=&#8221;4.27.4&#8243; _module_preset=&#8221;default&#8221; global_colors_info=&#8221;{}&#8221;][et_pb_row column_structure=&#8221;2_5,3_5&#8243; _builder_version=&#8221;4.27.4&#8243; _module_preset=&#8221;default&#8221; vertical_offset=&#8221;-29px&#8221; border_width_top=&#8221;1px&#8221; border_color_top=&#8221;#c4c4c4&#8243; border_width_bottom=&#8221;1px&#8221; border_color_bottom=&#8221;#c4c4c4&#8243; global_colors_info=&#8221;{}&#8221;][et_pb_column type=&#8221;2_5&#8243; _builder_version=&#8221;4.27.4&#8243; _module_preset=&#8221;default&#8221; global_colors_info=&#8221;{}&#8221;][et_pb_image src=&#8221;https:\/\/brandxmedia.pl\/wp-content\/uploads\/2025\/08\/web_AdobeStock_369028536-1.png&#8221; title_text=&#8221;web_AdobeStock_369028536&#8243; _builder_version=&#8221;4.27.4&#8243; _module_preset=&#8221;default&#8221; border_radii=&#8221;on|6px|6px|6px|6px&#8221; border_width_all=&#8221;1px&#8221; border_color_all=&#8221;#c4c4c4&#8243; global_colors_info=&#8221;{}&#8221;][\/et_pb_image][\/et_pb_column][et_pb_column type=&#8221;3_5&#8243; _builder_version=&#8221;4.27.4&#8243; _module_preset=&#8221;default&#8221; global_colors_info=&#8221;{}&#8221;][et_pb_text _builder_version=&#8221;4.27.4&#8243; _module_preset=&#8221;default&#8221; text_font=&#8221;||||||||&#8221; text_text_color=&#8221;#404040&#8243; text_font_size=&#8221;26px&#8221; text_line_height=&#8221;2.5em&#8221; global_colors_info=&#8221;{}&#8221;]<\/p>\n<p>Pracujemy dla Klient\u00f3w, kt\u00f3rzy oczekuj\u0105 od agencji partnerstwa, skuteczno\u015bci, ale przede wszystkim wynik\u00f3w dzia\u0142a\u0144. \u0141\u0105czymy rzeteln\u0105 obs\u0142ug\u0119, pe\u0142n\u0105 odpowiedzialno\u015b\u0107 i zintegrowane podej\u015bcie, aby wszystkie kana\u0142y, procesy i narz\u0119dzia pracowa\u0142y sp\u00f3jnie na oczekiwany rezultat.<\/p>\n<p>[\/et_pb_text][\/et_pb_column][\/et_pb_row][et_pb_row disabled_on=&#8221;off|off|off&#8221; _builder_version=&#8221;4.27.4&#8243; _module_preset=&#8221;default&#8221; background_color=&#8221;#941100&#8243; vertical_offset=&#8221;0px&#8221; min_height=&#8221;46px&#8221; height=&#8221;49px&#8221; max_height=&#8221;1000px&#8221; custom_margin=&#8221;0px||0px||false|false&#8221; border_radii=&#8221;on|2px|2px|2px|2px&#8221; global_colors_info=&#8221;{}&#8221;][et_pb_column type=&#8221;4_4&#8243; _builder_version=&#8221;4.27.4&#8243; _module_preset=&#8221;default&#8221; global_colors_info=&#8221;{}&#8221;][et_pb_text content_tablet=&#8221;<\/p>\n<p>Nasze us\u0142ugi<\/p>\n<p>&#8221; content_phone=&#8221;<\/p>\n<p>Nasze us\u0142ugi<\/p>\n<p>&#8221; content_last_edited=&#8221;on|phone&#8221; _builder_version=&#8221;4.27.4&#8243; _module_preset=&#8221;default&#8221; text_font=&#8221;Manrope|700|||||||&#8221; text_text_color=&#8221;#FFFFFF&#8221; text_font_size=&#8221;29px&#8221; background_color=&#8221;RGBA(255,255,255,0)&#8221; positioning=&#8221;relative&#8221; vertical_offset=&#8221;-9px&#8221; horizontal_offset=&#8221;10px&#8221; z_index=&#8221;0&#8243; custom_margin=&#8221;||0px||false|false&#8221; global_colors_info=&#8221;{}&#8221;]<\/p>\n<p>Us\u0142ugi BrandX Media<\/p>\n<p>[\/et_pb_text][\/et_pb_column][\/et_pb_row][et_pb_row column_structure=&#8221;1_4,3_4&#8243; _builder_version=&#8221;4.27.4&#8243; _module_preset=&#8221;default&#8221; border_width_bottom=&#8221;1px&#8221; border_color_bottom=&#8221;#c4c4c4&#8243; global_colors_info=&#8221;{}&#8221;][et_pb_column type=&#8221;1_4&#8243; _builder_version=&#8221;4.27.4&#8243; _module_preset=&#8221;default&#8221; global_colors_info=&#8221;{}&#8221;][et_pb_image src=&#8221;https:\/\/brandxmedia.pl\/wp-content\/uploads\/2025\/08\/Zesp_Ex.png&#8221; title_text=&#8221;Zesp_Ex&#8221; _builder_version=&#8221;4.27.4&#8243; _module_preset=&#8221;default&#8221; global_colors_info=&#8221;{}&#8221;][\/et_pb_image][\/et_pb_column][et_pb_column type=&#8221;3_4&#8243; _builder_version=&#8221;4.27.4&#8243; _module_preset=&#8221;default&#8221; global_colors_info=&#8221;{}&#8221;][et_pb_text _builder_version=&#8221;4.27.4&#8243; _module_preset=&#8221;default&#8221; text_text_color=&#8221;#000000&#8243; text_font_size=&#8221;16px&#8221; hover_enabled=&#8221;0&#8243; global_colors_info=&#8221;{}&#8221; sticky_enabled=&#8221;0&#8243;]<\/p>\n<p>W BrandX Media zesp\u00f3\u0142 to \u015bwiadomie dobrana struktura, skoncentrowana na jednym: realizacji cel\u00f3w Klienta.<\/p>\n<p>Ka\u017cda osoba \u2014 od stratega po analityka \u2014 zna swoj\u0105 rol\u0119, rozumie kontekst biznesowy i dzia\u0142a w oparciu o jasno okre\u015blone KPI Klienta.<\/p>\n<p>Szkolimy, rozwijamy i budujemy zespo\u0142y tak, by by\u0142y przygotowane do podejmowania codziennych decyzji operacyjnych z pe\u0142n\u0105 odpowiedzialno\u015bci\u0105 za wynik.<\/p>\n<p>Dzi\u0119ki temu BrandX Media posiada nie tylko specjalist\u00f3w, ale ludzi, kt\u00f3rzy wiedz\u0105, po co robi\u0105 to, co robi\u0105 \u2014 i jak to wp\u0142ywa na sukces Klienta.<\/p>\n<p>[\/et_pb_text][\/et_pb_column][\/et_pb_row][et_pb_row column_structure=&#8221;1_4,3_4&#8243; _builder_version=&#8221;4.27.4&#8243; _module_preset=&#8221;default&#8221; hover_enabled=&#8221;0&#8243; border_width_bottom=&#8221;1px&#8221; border_color_bottom=&#8221;#c4c4c4&#8243; global_colors_info=&#8221;{}&#8221; sticky_enabled=&#8221;0&#8243;][et_pb_column type=&#8221;1_4&#8243; _builder_version=&#8221;4.27.4&#8243; _module_preset=&#8221;default&#8221; global_colors_info=&#8221;{}&#8221;][et_pb_image src=&#8221;https:\/\/brandxmedia.pl\/wp-content\/uploads\/2025\/08\/Opdowie.png&#8221; title_text=&#8221;Opdowie&#8221; _builder_version=&#8221;4.27.4&#8243; _module_preset=&#8221;default&#8221; global_colors_info=&#8221;{}&#8221;][\/et_pb_image][\/et_pb_column][et_pb_column type=&#8221;3_4&#8243; _builder_version=&#8221;4.27.4&#8243; _module_preset=&#8221;default&#8221; global_colors_info=&#8221;{}&#8221;][et_pb_text _builder_version=&#8221;4.27.4&#8243; _module_preset=&#8221;default&#8221; text_text_color=&#8221;#000000&#8243; text_font_size=&#8221;16px&#8221; global_colors_info=&#8221;{}&#8221;]<\/p>\n<p>W BrandX Media cele Klient\u00f3w traktujemy jak w\u0142asne i przejmujemy pe\u0142n\u0105 odpowiedzialno\u015b\u0107 za realizacj\u0119 \u2014 od strategii i planowania, przez zakup i codzienn\u0105 optymalizacj\u0119, a\u017c po wynik, kt\u00f3rego osi\u0105gni\u0119cie ma dla nas naprawd\u0119 ma znaczenie.<\/p>\n<p>Nasz zesp\u00f3\u0142 dzia\u0142a w rytmie operacyjnym Klienta, nie w agencyjnym schemacie. Pracujemy ka\u017cdego dnia z pe\u0142nym zaanga\u017cowaniem, skoncentrowani na jednym: realizacji konkretnych KPI.<\/p>\n<p>Efektywno\u015b\u0107, kt\u00f3r\u0105 dostarczamy, nie jest efektem przypadku \u2014 wynika z procesu, dyscypliny i realnej odpowiedzialno\u015bci za wynik biznesowy.<\/p>\n<p>[\/et_pb_text][\/et_pb_column][\/et_pb_row][et_pb_row column_structure=&#8221;1_4,3_4&#8243; _builder_version=&#8221;4.27.4&#8243; _module_preset=&#8221;default&#8221; border_width_bottom=&#8221;1px&#8221; border_color_bottom=&#8221;#c4c4c4&#8243; global_colors_info=&#8221;{}&#8221;][et_pb_column type=&#8221;1_4&#8243; _builder_version=&#8221;4.27.4&#8243; _module_preset=&#8221;default&#8221; global_colors_info=&#8221;{}&#8221;][et_pb_image src=&#8221;https:\/\/brandxmedia.pl\/wp-content\/uploads\/2025\/08\/Zintegr.png&#8221; title_text=&#8221;Zintegr&#8221; _builder_version=&#8221;4.27.4&#8243; _module_preset=&#8221;default&#8221; hover_enabled=&#8221;0&#8243; global_colors_info=&#8221;{}&#8221; theme_builder_area=&#8221;post_content&#8221; sticky_enabled=&#8221;0&#8243;][\/et_pb_image][\/et_pb_column][et_pb_column type=&#8221;3_4&#8243; _builder_version=&#8221;4.27.4&#8243; _module_preset=&#8221;default&#8221; global_colors_info=&#8221;{}&#8221;][et_pb_text _builder_version=&#8221;4.27.4&#8243; _module_preset=&#8221;default&#8221; text_text_color=&#8221;#000000&#8243; text_font_size=&#8221;16px&#8221; global_colors_info=&#8221;{}&#8221;]<\/p>\n<p>W BrandX Media my\u015blimy szerzej ni\u017c tylko o kana\u0142ach Digital.<\/p>\n<p>Planuj\u0105c dzia\u0142ania, patrzymy na ca\u0142y lejek zakupowy i realn\u0105 \u015bcie\u017ck\u0119 decyzyjn\u0105 odbiorcy \u2014 ale nigdy w oderwaniu od szerszego kontekstu.<\/p>\n<p>Uwzgl\u0119dniamy sezonowo\u015b\u0107, dynamik\u0119 konkurencji, rol\u0119 kreacji i to, co dzieje si\u0119 poza online \u2014 bo konsument nie zna podzia\u0142u na media online i offline, gdy podejmuje swoje decyzje.<\/p>\n<p>Nasze podej\u015bcie jest zintegrowane: \u0142\u0105czymy kana\u0142y, funkcje i touch-pointy tak, by komunikacja wspiera\u0142a biznes Klienta sp\u00f3jnie, skutecznie i w zgodno\u015bci z tym co dzieje si\u0119 na rynku.<\/p>\n<p>[\/et_pb_text][\/et_pb_column][\/et_pb_row][et_pb_row disabled_on=&#8221;off|off|off&#8221; _builder_version=&#8221;4.27.4&#8243; _module_preset=&#8221;default&#8221; background_color=&#8221;#941100&#8243; vertical_offset=&#8221;0px&#8221; min_height=&#8221;46px&#8221; height=&#8221;49px&#8221; max_height=&#8221;1000px&#8221; custom_margin=&#8221;0px||0px||false|false&#8221; border_radii=&#8221;on|2px|2px|2px|2px&#8221; global_colors_info=&#8221;{}&#8221;][et_pb_column type=&#8221;4_4&#8243; _builder_version=&#8221;4.27.4&#8243; _module_preset=&#8221;default&#8221; global_colors_info=&#8221;{}&#8221;][et_pb_text content_tablet=&#8221;<\/p>\n<p>Nasz model operacyjny<\/p>\n<p>&#8221; content_phone=&#8221;<\/p>\n<p>Model operacyjny<\/p>\n<p>&#8221; content_last_edited=&#8221;on|phone&#8221; _builder_version=&#8221;4.27.4&#8243; _module_preset=&#8221;default&#8221; text_font=&#8221;Manrope|700|||||||&#8221; text_text_color=&#8221;#FFFFFF&#8221; text_font_size=&#8221;29px&#8221; background_color=&#8221;RGBA(255,255,255,0)&#8221; positioning=&#8221;relative&#8221; vertical_offset=&#8221;-9px&#8221; horizontal_offset=&#8221;10px&#8221; z_index=&#8221;0&#8243; custom_margin=&#8221;||0px||false|false&#8221; global_colors_info=&#8221;{}&#8221;]<\/p>\n<p>Model operacyjny BrandX Media<\/p>\n<p>[\/et_pb_text][\/et_pb_column][\/et_pb_row][et_pb_row _builder_version=&#8221;4.27.4&#8243; _module_preset=&#8221;default&#8221; global_colors_info=&#8221;{}&#8221;][et_pb_column type=&#8221;4_4&#8243; _builder_version=&#8221;4.27.4&#8243; _module_preset=&#8221;default&#8221; global_colors_info=&#8221;{}&#8221;][et_pb_text _builder_version=&#8221;4.27.4&#8243; _module_preset=&#8221;default&#8221; text_text_color=&#8221;#000000&#8243; text_font_size=&#8221;16px&#8221; global_colors_info=&#8221;{}&#8221;]<\/p>\n<p>Model 5C to operacyjny filar BrandX Media \u2014 pi\u0119\u0107 kluczowych zasad, kt\u00f3re definiuj\u0105 nasz spos\u00f3b pracy nad projektami. To podej\u015bcie zbudowane z my\u015bl\u0105 o Klientach, kt\u00f3rzy oczekuj\u0105 czego\u015b wi\u0119cej ni\u017c samej obs\u0142ugi, a kt\u00f3rzy poszukuj\u0105 struktury, odpowiedzialno\u015bci, przejrzysto\u015bci oraz mierzalnego wp\u0142ywu na wynik.<\/p>\n<p>W BrandX Media traktujemy media jak funkcj\u0119 biznesow\u0105 a nie us\u0142ug\u0119 o pobocznym znaczeniu. Dzi\u0119ki 5C \u0142\u0105czymy to, co Klient zna z dojrza\u0142ych obszar\u00f3w swojej organizacji \u2014 takich jak finanse czy operacje \u2014 z elastyczno\u015bci\u0105 i tempem \u015bwiata Digital.<\/p>\n<p>[\/et_pb_text][\/et_pb_column][\/et_pb_row][et_pb_row _builder_version=&#8221;4.27.4&#8243; _module_preset=&#8221;default&#8221; width=&#8221;100%&#8221; max_width=&#8221;481px&#8221; min_height=&#8221;439px&#8221; height=&#8221;100px&#8221; max_height=&#8221;100px&#8221; border_radii=&#8221;on|7px|7px|7px|7px&#8221; border_width_all=&#8221;1px&#8221; border_color_all=&#8221;#c4c4c4&#8243; global_colors_info=&#8221;{}&#8221;][et_pb_column type=&#8221;4_4&#8243; _builder_version=&#8221;4.27.4&#8243; _module_preset=&#8221;default&#8221; global_colors_info=&#8221;{}&#8221;][et_pb_image src=&#8221;https:\/\/brandxmedia.pl\/wp-content\/uploads\/2025\/08\/5C-2.png&#8221; title_text=&#8221;5C&#8221; _builder_version=&#8221;4.27.4&#8243; _module_preset=&#8221;default&#8221; global_colors_info=&#8221;{}&#8221;][\/et_pb_image][\/et_pb_column][\/et_pb_row][et_pb_row _builder_version=&#8221;4.27.4&#8243; _module_preset=&#8221;default&#8221; global_colors_info=&#8221;{}&#8221;][et_pb_column type=&#8221;4_4&#8243; _builder_version=&#8221;4.27.4&#8243; _module_preset=&#8221;default&#8221; global_colors_info=&#8221;{}&#8221;][et_pb_text _builder_version=&#8221;4.27.4&#8243; _module_preset=&#8221;default&#8221; text_text_color=&#8221;#404040&#8243; text_font_size=&#8221;16px&#8221; global_colors_info=&#8221;{}&#8221;]<\/p>\n<p>Model 5C w BrandX Media definiuje spos\u00f3b prowadzenia kampanii. W ramch 5C budujemy zespo\u0142y i zarz\u0105dzamy ca\u0142ym procesem mediowym.<\/p>\n<p><strong>Kontrola<\/strong><\/p>\n<p>W BrandX Media kontrola oznacza pe\u0142ny dost\u0119p do platform, danych, decyzji i koszt\u00f3w \u2014 z jasnym podzia\u0142em r\u00f3l i odpowiedzialno\u015bci. Jako agencja dzia\u0142amy jako realne rozszerzenie operacji Klienta, ze zdolno\u015bci\u0105 do dzia\u0142ania, testowania i optymalizacji.\u00a0<\/p>\n<p><strong>Istotno\u015b\u0107 koszt\u00f3w<\/strong><\/p>\n<p>W BrandX Media rozumiemy wa\u017cno\u015b\u0107 optymalizacji kosztu zakupu medi\u00f3w, gdy\u017c przy okre\u015blonych konwersjach jest to krytyczny czynnik do okre\u015blenia efektywno\u015bci kosztowej kampanii. \u00a0Dla Klienta oznacza to nie tylko zapewnienie efektywno\u015bci wzgl\u0119dem konkurencji, ale i realn\u0119 mo\u017cliwo\u015b\u0107 zarz\u0105dzania efektywno\u015bci\u0105.<\/p>\n<p><strong>Kompetencje<\/strong><\/p>\n<p>Kompetencje w BrandX Media to nie tylko certyfikaty czy liczba os\u00f3b w zespole.<br \/>To realne do\u015bwiadczenie osadzone w jednym biznesie. Nasi specjali\u015bci s\u0105 w pe\u0142ni zaanga\u017cowani w ramach projektu. \u00a0Dzi\u0119ki temu ka\u017cda decyzja mediowa jest lepsza \u2014 bo wynika z ca\u0142o\u015bciowego spojrzenia na wyzwania Klienta i ci\u0105g\u0142ego uczenia si\u0119 w ramach kategorii, marki czy kampanii.<\/p>\n<p><strong>Sp\u00f3jno\u015b\u0107<\/strong><\/p>\n<p>Sp\u00f3jno\u015b\u0107 to podstawa skuteczno\u015bci. Zesp\u00f3\u0142 BrandX Media to stabilna, jasno zdefiniowana struktura, w kt\u00f3rej role s\u0105 przypisane, kompetencje rozwijane, a odpowiedzialno\u015b\u0107 nie ulega rotacji. Przey takim podej\u015bciu nie ma potrzeby briefowa\u0107 nas od nowa co kwarta\u0142 \u2014 my ju\u017c jeste\u015bmy na bie\u017c\u0105co. To oznacza nie tylko ci\u0105g\u0142o\u015b\u0107, ale te\u017c powtarzaln\u0105 jako\u015b\u0107 w ka\u017cdej kampanii.<\/p>\n<p><strong>Przejrzysto\u015b\u0107 operacyjna<\/strong><\/p>\n<p>Uproszczony proces to szybsze dzia\u0142anie i mniej b\u0142\u0119d\u00f3w. W BrandX Media projektujemy ka\u017cdy etap kampanii tak, by mo\u017cna by\u0142o nim efektywnie zarz\u0105dza\u0107: od briefu po wynik.<br \/>Jedna struktura plik\u00f3w, jedno \u017ar\u00f3d\u0142o danych, jeden zesp\u00f3\u0142 odpowiedzialny za ca\u0142o\u015b\u0107.<br \/>Ka\u017cda decyzja ma swoje uzasadnienie. Tak w\u0142a\u015bnie dzia\u0142amy.<\/p>\n<p>[\/et_pb_text][\/et_pb_column][\/et_pb_row][et_pb_row _builder_version=&#8221;4.27.4&#8243; _module_preset=&#8221;default&#8221; global_colors_info=&#8221;{}&#8221;][et_pb_column type=&#8221;4_4&#8243; _builder_version=&#8221;4.27.4&#8243; _module_preset=&#8221;default&#8221; global_colors_info=&#8221;{}&#8221;][et_pb_divider color=&#8221;#c4c4c4&#8243; _builder_version=&#8221;4.27.4&#8243; _module_preset=&#8221;default&#8221; global_colors_info=&#8221;{}&#8221;][\/et_pb_divider][\/et_pb_column][\/et_pb_row][et_pb_row column_structure=&#8221;1_3,2_3&#8243; _builder_version=&#8221;4.27.4&#8243; _module_preset=&#8221;default&#8221; global_colors_info=&#8221;{}&#8221;][et_pb_column type=&#8221;1_3&#8243; _builder_version=&#8221;4.27.4&#8243; _module_preset=&#8221;default&#8221; global_colors_info=&#8221;{}&#8221;][et_pb_button button_url=&#8221;https:\/\/brandxmedia.pl\/index.php\/kontakt\/&#8221; button_text=&#8221;Um\u00f3wmy si\u0119 na spotkanie, ch\u0119tnie odpowiemy na Pa\u0144stwa brief&#8221; button_alignment=&#8221;left&#8221; _builder_version=&#8221;4.27.4&#8243; _module_preset=&#8221;default&#8221; custom_button=&#8221;on&#8221; button_text_size=&#8221;20px&#8221; button_text_color=&#8221;#FFFFFF&#8221; button_bg_color=&#8221;#941100&#8243; button_border_width=&#8221;2px&#8221; button_border_color=&#8221;#FFFFFF&#8221; button_border_radius=&#8221;11px&#8221; button_letter_spacing=&#8221;0px&#8221; button_font=&#8221;|700|||||||&#8221; button_use_icon=&#8221;off&#8221; hover_enabled=&#8221;0&#8243; box_shadow_style=&#8221;preset1&#8243; global_colors_info=&#8221;{}&#8221; button_bg_enable_color=&#8221;on&#8221; sticky_enabled=&#8221;0&#8243;][\/et_pb_button][\/et_pb_column][et_pb_column type=&#8221;2_3&#8243; _builder_version=&#8221;4.27.4&#8243; _module_preset=&#8221;default&#8221; global_colors_info=&#8221;{}&#8221;][\/et_pb_column][\/et_pb_row][\/et_pb_section]<\/p>\n","protected":false},"excerpt":{"rendered":"<p>Pracujemy dla Klient\u00f3w, kt\u00f3rzy oczekuj\u0105 od agencji partnerstwa, skuteczno\u015bci, ale przede wszystkim wynik\u00f3w dzia\u0142a\u0144. \u0141\u0105czymy rzeteln\u0105 obs\u0142ug\u0119, pe\u0142n\u0105 odpowiedzialno\u015b\u0107 i zintegrowane podej\u015bcie, aby wszystkie kana\u0142y, procesy i narz\u0119dzia pracowa\u0142y sp\u00f3jnie na oczekiwany rezultat.Us\u0142ugi BrandX MediaW BrandX Media zesp\u00f3\u0142 to \u015bwiadomie dobrana struktura, skoncentrowana na jednym: realizacji cel\u00f3w Klienta. Ka\u017cda osoba \u2014 od stratega po analityka [&hellip;]<\/p>\n","protected":false},"author":1,"featured_media":0,"parent":0,"menu_order":0,"comment_status":"closed","ping_status":"closed","template":"","meta":{"_et_pb_use_builder":"on","_et_pb_old_content":"","_et_gb_content_width":"","footnotes":""},"class_list":["post-1765","page","type-page","status-publish","hentry"],"_links":{"self":[{"href":"https:\/\/brandxmedia.pl\/index.php\/wp-json\/wp\/v2\/pages\/1765","targetHints":{"allow":["GET"]}}],"collection":[{"href":"https:\/\/brandxmedia.pl\/index.php\/wp-json\/wp\/v2\/pages"}],"about":[{"href":"https:\/\/brandxmedia.pl\/index.php\/wp-json\/wp\/v2\/types\/page"}],"author":[{"embeddable":true,"href":"https:\/\/brandxmedia.pl\/index.php\/wp-json\/wp\/v2\/users\/1"}],"replies":[{"embeddable":true,"href":"https:\/\/brandxmedia.pl\/index.php\/wp-json\/wp\/v2\/comments?post=1765"}],"version-history":[{"count":47,"href":"https:\/\/brandxmedia.pl\/index.php\/wp-json\/wp\/v2\/pages\/1765\/revisions"}],"predecessor-version":[{"id":2241,"href":"https:\/\/brandxmedia.pl\/index.php\/wp-json\/wp\/v2\/pages\/1765\/revisions\/2241"}],"wp:attachment":[{"href":"https:\/\/brandxmedia.pl\/index.php\/wp-json\/wp\/v2\/media?parent=1765"}],"curies":[{"name":"wp","href":"https:\/\/api.w.org\/{rel}","templated":true}]}}