{"id":884,"date":"2025-06-19T14:47:40","date_gmt":"2025-06-19T12:47:40","guid":{"rendered":"https:\/\/pureplay.pl\/?page_id=884"},"modified":"2025-10-01T14:51:38","modified_gmt":"2025-10-01T12:51:38","slug":"korzysci-klientow","status":"publish","type":"page","link":"https:\/\/brandxmedia.pl\/index.php\/korzysci-klientow\/","title":{"rendered":"Korzy\u015bci Klient\u00f3w"},"content":{"rendered":"<p>[et_pb_section fb_built=&#8221;1&#8243; _builder_version=&#8221;4.27.4&#8243; _module_preset=&#8221;default&#8221; global_colors_info=&#8221;{}&#8221;][et_pb_row column_structure=&#8221;2_5,3_5&#8243; _builder_version=&#8221;4.27.4&#8243; _module_preset=&#8221;default&#8221; vertical_offset=&#8221;-29px&#8221; border_width_top=&#8221;1px&#8221; border_color_top=&#8221;#c4c4c4&#8243; border_width_bottom=&#8221;1px&#8221; border_color_bottom=&#8221;#c4c4c4&#8243; global_colors_info=&#8221;{}&#8221;][et_pb_column type=&#8221;2_5&#8243; _builder_version=&#8221;4.27.4&#8243; _module_preset=&#8221;default&#8221; global_colors_info=&#8221;{}&#8221;][et_pb_image src=&#8221;https:\/\/brandxmedia.pl\/wp-content\/uploads\/2025\/08\/web_AdobeStock_520941016.png&#8221; title_text=&#8221;web_AdobeStock_520941016&#8243; _builder_version=&#8221;4.27.4&#8243; _module_preset=&#8221;default&#8221; border_radii=&#8221;on|6px|6px|6px|6px&#8221; border_width_all=&#8221;1px&#8221; border_color_all=&#8221;#c4c4c4&#8243; global_colors_info=&#8221;{}&#8221;][\/et_pb_image][\/et_pb_column][et_pb_column type=&#8221;3_5&#8243; _builder_version=&#8221;4.27.4&#8243; _module_preset=&#8221;default&#8221; global_colors_info=&#8221;{}&#8221;][et_pb_text _builder_version=&#8221;4.27.4&#8243; _module_preset=&#8221;default&#8221; text_font=&#8221;||||||||&#8221; text_text_color=&#8221;#404040&#8243; text_font_size=&#8221;26px&#8221; text_line_height=&#8221;2.5em&#8221; global_colors_info=&#8221;{}&#8221;]<\/p>\n<p>Dostarczamy Klientom realne oszcz\u0119dno\u015bci. Ni\u017csze koszty zakupu &#8211; \u015brednio o 20\u201330% &#8211; osi\u0105gamy dzi\u0119ki naszym narz\u0119dziom oraz kulturze granularnej optymalizacji. Praca na danych w czasie rzeczywistym jest du\u017cym wyzwaniem operacyjnym jednak dostarcza wyj\u0105tkowe wyniki biznesowe.<\/p>\n<p>[\/et_pb_text][\/et_pb_column][\/et_pb_row][et_pb_row disabled_on=&#8221;off|off|off&#8221; _builder_version=&#8221;4.27.4&#8243; _module_preset=&#8221;default&#8221; background_color=&#8221;#941100&#8243; vertical_offset=&#8221;0px&#8221; min_height=&#8221;46px&#8221; height=&#8221;49px&#8221; max_height=&#8221;1000px&#8221; custom_margin=&#8221;0px||0px||false|false&#8221; border_radii=&#8221;on|2px|2px|2px|2px&#8221; global_colors_info=&#8221;{}&#8221;][et_pb_column type=&#8221;4_4&#8243; _builder_version=&#8221;4.27.4&#8243; _module_preset=&#8221;default&#8221; global_colors_info=&#8221;{}&#8221;][et_pb_text content_tablet=&#8221;<\/p>\n<p>Wspieramy Klient\u00f3w<\/p>\n<p>&#8221; content_phone=&#8221;<\/p>\n<p>Wspieramy Klient\u00f3w<\/p>\n<p>&#8221; content_last_edited=&#8221;on|phone&#8221; _builder_version=&#8221;4.27.4&#8243; _module_preset=&#8221;default&#8221; text_font=&#8221;Manrope|700|||||||&#8221; text_text_color=&#8221;#FFFFFF&#8221; text_font_size=&#8221;29px&#8221; background_color=&#8221;RGBA(255,255,255,0)&#8221; positioning=&#8221;relative&#8221; vertical_offset=&#8221;-9px&#8221; horizontal_offset=&#8221;10px&#8221; z_index=&#8221;0&#8243; custom_margin=&#8221;||0px||false|false&#8221; global_colors_info=&#8221;{}&#8221;]<\/p>\n<p>Nasze kompetencje wspieraj\u0105 biznes Klient\u00f3w<\/p>\n<p>[\/et_pb_text][\/et_pb_column][\/et_pb_row][et_pb_row _builder_version=&#8221;4.27.4&#8243; _module_preset=&#8221;default&#8221; global_colors_info=&#8221;{}&#8221;][et_pb_column type=&#8221;4_4&#8243; _builder_version=&#8221;4.27.4&#8243; _module_preset=&#8221;default&#8221; global_colors_info=&#8221;{}&#8221;][et_pb_text _builder_version=&#8221;4.27.4&#8243; _module_preset=&#8221;default&#8221; text_text_color=&#8221;#404040&#8243; text_font_size=&#8221;16px&#8221; global_colors_info=&#8221;{}&#8221;]<\/p>\n<p><strong>Budowanie marek<\/strong><\/p>\n<p class=\"p1\">Projektujemy kampanie brandingowe w modelu multichannel, kt\u00f3re buduj\u0105 \u015bwiadomo\u015b\u0107, zainteresowanie i d\u0142ugofalow\u0105 warto\u015b\u0107 marki \u2014 z mierzalnym wp\u0142ywem w kana\u0142ach takich jak wideo, social, display i CTV.<\/p>\n<p><strong>Performance i ROI<\/strong><\/p>\n<p class=\"p1\">Prowadzimy dzia\u0142ania performance\u2019owe z naciskiem na efektywno\u015b\u0107 jednostkow\u0105, przejrzysto\u015b\u0107 atrybucji i realny zwrot z inwestycji \u2014 optymalizuj\u0105c codziennie pod k\u0105tem efekt\u00f3w, a nie tylko aktywno\u015bci..<\/p>\n<p><strong>Pozyskiwanie klient\u00f3w<\/strong><\/p>\n<p class=\"p1\">Budujemy skalowalne programy akwizycji oparte na intencji u\u017cytkownika, prawdopodobie\u0144stwie konwersji i ekonomice lejka \u2014 zaprojektowane tak, by dostarcza\u0107 wzrost przy pe\u0142nej dyscyplinie kosztowej.<\/p>\n<p>[\/et_pb_text][\/et_pb_column][\/et_pb_row][et_pb_row disabled_on=&#8221;off|off|off&#8221; _builder_version=&#8221;4.27.4&#8243; _module_preset=&#8221;default&#8221; background_color=&#8221;#941100&#8243; vertical_offset=&#8221;0px&#8221; min_height=&#8221;46px&#8221; height=&#8221;49px&#8221; max_height=&#8221;1000px&#8221; custom_margin=&#8221;0px||0px||false|false&#8221; border_radii=&#8221;on|2px|2px|2px|2px&#8221; global_colors_info=&#8221;{}&#8221;][et_pb_column type=&#8221;4_4&#8243; _builder_version=&#8221;4.27.4&#8243; _module_preset=&#8221;default&#8221; global_colors_info=&#8221;{}&#8221;][et_pb_text content_tablet=&#8221;<\/p>\n<p>Korzy\u015bci Klient\u00f3w<\/p>\n<p>&#8221; content_phone=&#8221;<\/p>\n<p>Korzy\u015bci Klient\u00f3w<\/p>\n<p>&#8221; content_last_edited=&#8221;on|phone&#8221; _builder_version=&#8221;4.27.4&#8243; _module_preset=&#8221;default&#8221; text_font=&#8221;Manrope|700|||||||&#8221; text_text_color=&#8221;#FFFFFF&#8221; text_font_size=&#8221;29px&#8221; background_color=&#8221;RGBA(255,255,255,0)&#8221; positioning=&#8221;relative&#8221; vertical_offset=&#8221;-9px&#8221; horizontal_offset=&#8221;10px&#8221; z_index=&#8221;0&#8243; custom_margin=&#8221;||0px||false|false&#8221; global_colors_info=&#8221;{}&#8221;]<\/p>\n<p>Korzy\u015bci naszych Klient\u00f3w<\/p>\n<p>[\/et_pb_text][\/et_pb_column][\/et_pb_row][et_pb_row _builder_version=&#8221;4.27.4&#8243; _module_preset=&#8221;default&#8221; global_colors_info=&#8221;{}&#8221;][et_pb_column type=&#8221;4_4&#8243; _builder_version=&#8221;4.27.4&#8243; _module_preset=&#8221;default&#8221; global_colors_info=&#8221;{}&#8221;][et_pb_text _builder_version=&#8221;4.27.4&#8243; _module_preset=&#8221;default&#8221; text_text_color=&#8221;#404040&#8243; text_font_size=&#8221;16px&#8221; global_colors_info=&#8221;{}&#8221;]<\/p>\n<p><strong>Ni\u017csze koszty zakupu medi\u00f3w<\/strong><\/p>\n<p class=\"p1\">Klienci zazwyczaj obni\u017caj\u0105 koszty medi\u00f3w o 20\u201330% dzi\u0119ki kontroli na poziomie platform, transparentno\u015bci zakupoowej i eliminacji mar\u017cuj\u0105cych struktur agencyjnych.<\/p>\n<p><strong>Szybsze cykle decyzyjne<\/strong><\/p>\n<p class=\"p1\">Dzi\u0119ki dost\u0119powi do danych w czasie rzeczywistym i zespo\u0142om osadzonym w strukturze, Klienci przyspieszaj\u0105 planowanie, aktywacj\u0119 i optymalizacj\u0119 \u2014 przechodz\u0105c z rytmu tygodniowego na dzia\u0142ania codzienne.<\/p>\n<p><strong>Transparento\u015b\u0107 operacyjna<\/strong><\/p>\n<p class=\"p1\">Pe\u0142na przejrzysto\u015b\u0107 wydatk\u00f3w, konfiguracji kampanii, czynnik\u00f3w wp\u0142ywaj\u0105cych na wyniki i ustawie\u0144 platform \u2014 bez ukrytych element\u00f3w, w pe\u0142ni udokumentowane.<\/p>\n<p>[\/et_pb_text][\/et_pb_column][\/et_pb_row][et_pb_row disabled_on=&#8221;off|off|off&#8221; _builder_version=&#8221;4.27.4&#8243; _module_preset=&#8221;default&#8221; background_color=&#8221;#941100&#8243; vertical_offset=&#8221;0px&#8221; min_height=&#8221;46px&#8221; height=&#8221;49px&#8221; max_height=&#8221;1000px&#8221; custom_margin=&#8221;0px||0px||false|false&#8221; border_radii=&#8221;on|2px|2px|2px|2px&#8221; global_colors_info=&#8221;{}&#8221;][et_pb_column type=&#8221;4_4&#8243; _builder_version=&#8221;4.27.4&#8243; _module_preset=&#8221;default&#8221; global_colors_info=&#8221;{}&#8221;][et_pb_text content_tablet=&#8221;<\/p>\n<p>Efekty biznesowe<\/p>\n<p>&#8221; content_phone=&#8221;<\/p>\n<p>Efekty biznesowe<\/p>\n<p>&#8221; content_last_edited=&#8221;on|phone&#8221; _builder_version=&#8221;4.27.4&#8243; _module_preset=&#8221;default&#8221; text_font=&#8221;Manrope|700|||||||&#8221; text_text_color=&#8221;#FFFFFF&#8221; text_font_size=&#8221;29px&#8221; background_color=&#8221;RGBA(255,255,255,0)&#8221; positioning=&#8221;relative&#8221; vertical_offset=&#8221;-9px&#8221; horizontal_offset=&#8221;10px&#8221; z_index=&#8221;0&#8243; custom_margin=&#8221;||0px||false|false&#8221; global_colors_info=&#8221;{}&#8221;]<\/p>\n<p>Efekty biznesowe<\/p>\n<p>[\/et_pb_text][\/et_pb_column][\/et_pb_row][et_pb_row _builder_version=&#8221;4.27.4&#8243; _module_preset=&#8221;default&#8221; global_colors_info=&#8221;{}&#8221;][et_pb_column type=&#8221;4_4&#8243; _builder_version=&#8221;4.27.4&#8243; _module_preset=&#8221;default&#8221; global_colors_info=&#8221;{}&#8221;][et_pb_text _builder_version=&#8221;4.27.4&#8243; _module_preset=&#8221;default&#8221; text_text_color=&#8221;#404040&#8243; text_font_size=&#8221;16px&#8221; global_colors_info=&#8221;{}&#8221;]<\/p>\n<p><strong>Ni\u017cszy koszt zakupu medi\u00f3w\u00a0<\/strong><\/p>\n<p class=\"p1\">Obni\u017camy realny koszt prowadzenia dzia\u0142a\u0144 mediowych, eliminuj\u0105c wielopoziomowe mar\u017ce, nieefektywne struktury agencyjne i po\u015brednie modele zakupu. Nasi Klienci kupuj\u0105 media bezpo\u015brednio, przejrzy\u015bcie i z pe\u0142n\u0105 kontrol\u0105 \u2014 zyskuj\u0105c wi\u0119ksz\u0105 warto\u015b\u0107 bez kompromis\u00f3w w zakresie skali czy jako\u015bci.<\/p>\n<p><strong>Bardziej skuteczne kampanie\u00a0<\/strong><\/p>\n<p class=\"p1\">Dzi\u0119ki wewn\u0119trzenie zintegrowanym zespo\u0142om, zdefiniowanym procesom i zintegrowanym narz\u0119dziom, przygotowanie i prowadzenie kampanii staje si\u0119 szybsze i bardziej przewidywalne. Klienci zyskuj\u0105 mniej op\u00f3\u017anie\u0144, czystszy start i operacj\u0119 mediow\u0105, kt\u00f3ra szybciej reaguje na potrzeby biznesu.<\/p>\n<p><strong>Lepsza kontrola nad skuteczno\u015bci\u0105 mediow\u0105<\/strong><\/p>\n<p class=\"p1\">Zapewniamy Klientom bie\u017c\u0105cy wgl\u0105d w to, gdzie trafiaj\u0105 bud\u017cety, jak pracuj\u0105 i co mo\u017cna optymalizowa\u0107. Dzi\u0119ki klarownym KPI, dashboardom i ci\u0105g\u0142ej analizie, efektywno\u015b\u0107 staje si\u0119 mierzalna i zarz\u0105dzalna \u2014 a nie oceniana \u201ena oko\u201d.<\/p>\n<p><strong>Pozytywny wp\u0142yw na zysk firmy\u00a0<\/strong><\/p>\n<p class=\"p1\">Nasz model poprawia ekonomiczn\u0105 efektywno\u015b\u0107 medi\u00f3w, obni\u017caj\u0105c koszt dotarcia do efektu i \u0142\u0105cz\u0105c inwestycje z realnymi wynikami biznesowymi. Klienci zyskuj\u0105 nie tylko lepszy ROAS, ale tak\u017ce wy\u017csz\u0105 mar\u017c\u0119, lepsz\u0105 efektywno\u015b\u0107 jednostkow\u0105 i skuteczniejsze pozyskiwanie Klient\u00f3w.<\/p>\n<p>[\/et_pb_text][\/et_pb_column][\/et_pb_row][et_pb_row _builder_version=&#8221;4.27.4&#8243; _module_preset=&#8221;default&#8221; global_colors_info=&#8221;{}&#8221;][et_pb_column type=&#8221;4_4&#8243; _builder_version=&#8221;4.27.4&#8243; _module_preset=&#8221;default&#8221; global_colors_info=&#8221;{}&#8221;][et_pb_divider color=&#8221;#c4c4c4&#8243; _builder_version=&#8221;4.27.4&#8243; _module_preset=&#8221;default&#8221; global_colors_info=&#8221;{}&#8221;][\/et_pb_divider][\/et_pb_column][\/et_pb_row][et_pb_row column_structure=&#8221;1_3,2_3&#8243; _builder_version=&#8221;4.27.4&#8243; _module_preset=&#8221;default&#8221; global_colors_info=&#8221;{}&#8221;][et_pb_column type=&#8221;1_3&#8243; _builder_version=&#8221;4.27.4&#8243; _module_preset=&#8221;default&#8221; global_colors_info=&#8221;{}&#8221;][et_pb_button button_url=&#8221;https:\/\/brandxmedia.pl\/index.php\/kontakt\/&#8221; button_text=&#8221;Um\u00f3wmy si\u0119 na spotkanie, ch\u0119tnie odpowiemy na Pa\u0144stwa brief&#8221; button_alignment=&#8221;left&#8221; _builder_version=&#8221;4.27.4&#8243; _module_preset=&#8221;default&#8221; custom_button=&#8221;on&#8221; button_text_size=&#8221;20px&#8221; button_text_color=&#8221;#FFFFFF&#8221; button_bg_color=&#8221;#941100&#8243; button_border_width=&#8221;2px&#8221; button_border_color=&#8221;#FFFFFF&#8221; button_border_radius=&#8221;11px&#8221; button_letter_spacing=&#8221;0px&#8221; button_font=&#8221;|700|||||||&#8221; button_use_icon=&#8221;off&#8221; hover_enabled=&#8221;0&#8243; box_shadow_style=&#8221;preset1&#8243; global_colors_info=&#8221;{}&#8221; button_bg_enable_color=&#8221;on&#8221; sticky_enabled=&#8221;0&#8243;][\/et_pb_button][\/et_pb_column][et_pb_column type=&#8221;2_3&#8243; _builder_version=&#8221;4.27.4&#8243; _module_preset=&#8221;default&#8221; global_colors_info=&#8221;{}&#8221;][\/et_pb_column][\/et_pb_row][\/et_pb_section][et_pb_section fb_built=&#8221;1&#8243; _builder_version=&#8221;4.27.4&#8243; _module_preset=&#8221;default&#8221; min_height=&#8221;213px&#8221; global_colors_info=&#8221;{}&#8221;][et_pb_row _builder_version=&#8221;4.27.4&#8243; _module_preset=&#8221;default&#8221; global_colors_info=&#8221;{}&#8221;][et_pb_column type=&#8221;4_4&#8243; _builder_version=&#8221;4.27.4&#8243; _module_preset=&#8221;default&#8221; global_colors_info=&#8221;{}&#8221;][et_pb_text _builder_version=&#8221;4.27.4&#8243; _module_preset=&#8221;default&#8221; text_text_color=&#8221;#00529C&#8221; text_font_size=&#8221;10px&#8221; text_orientation=&#8221;center&#8221; global_colors_info=&#8221;{}&#8221;]<\/p>\n<p><a href=\"https:\/\/pureplay.pl\/index.php\/privacypolicy\/\" title=\"Privacy Policy\">Polityka Prywatno\u015bci<\/a><br \/>\u00a9 2025 BrandX Media | Wszelkie prawa zastrze\u017cone.<\/p>\n<p>[\/et_pb_text][\/et_pb_column][\/et_pb_row][\/et_pb_section]<\/p>\n","protected":false},"excerpt":{"rendered":"<p>Dostarczamy Klientom realne oszcz\u0119dno\u015bci. Ni\u017csze koszty zakupu &#8211; \u015brednio o 20\u201330% &#8211; osi\u0105gamy dzi\u0119ki naszym narz\u0119dziom oraz kulturze granularnej optymalizacji. Praca na danych w czasie rzeczywistym jest du\u017cym wyzwaniem operacyjnym jednak dostarcza wyj\u0105tkowe wyniki biznesowe.Nasze kompetencje wspieraj\u0105 biznes Klient\u00f3wBudowanie marek Projektujemy kampanie brandingowe w modelu multichannel, kt\u00f3re buduj\u0105 \u015bwiadomo\u015b\u0107, zainteresowanie i d\u0142ugofalow\u0105 warto\u015b\u0107 marki \u2014 [&hellip;]<\/p>\n","protected":false},"author":1,"featured_media":0,"parent":0,"menu_order":0,"comment_status":"closed","ping_status":"closed","template":"","meta":{"_et_pb_use_builder":"on","_et_pb_old_content":"<!-- wp:divi\/placeholder \/-->","_et_gb_content_width":"","footnotes":""},"class_list":["post-884","page","type-page","status-publish","hentry"],"_links":{"self":[{"href":"https:\/\/brandxmedia.pl\/index.php\/wp-json\/wp\/v2\/pages\/884","targetHints":{"allow":["GET"]}}],"collection":[{"href":"https:\/\/brandxmedia.pl\/index.php\/wp-json\/wp\/v2\/pages"}],"about":[{"href":"https:\/\/brandxmedia.pl\/index.php\/wp-json\/wp\/v2\/types\/page"}],"author":[{"embeddable":true,"href":"https:\/\/brandxmedia.pl\/index.php\/wp-json\/wp\/v2\/users\/1"}],"replies":[{"embeddable":true,"href":"https:\/\/brandxmedia.pl\/index.php\/wp-json\/wp\/v2\/comments?post=884"}],"version-history":[{"count":40,"href":"https:\/\/brandxmedia.pl\/index.php\/wp-json\/wp\/v2\/pages\/884\/revisions"}],"predecessor-version":[{"id":2244,"href":"https:\/\/brandxmedia.pl\/index.php\/wp-json\/wp\/v2\/pages\/884\/revisions\/2244"}],"wp:attachment":[{"href":"https:\/\/brandxmedia.pl\/index.php\/wp-json\/wp\/v2\/media?parent=884"}],"curies":[{"name":"wp","href":"https:\/\/api.w.org\/{rel}","templated":true}]}}